{"id":769,"date":"2021-11-21T10:33:22","date_gmt":"2021-11-21T09:33:22","guid":{"rendered":"https:\/\/altego.hu\/?page_id=769"},"modified":"2025-08-24T10:12:01","modified_gmt":"2025-08-24T08:12:01","slug":"alte-go-e-mobility","status":"publish","type":"page","link":"https:\/\/altego.hu\/en\/","title":{"rendered":"ALTE-GO E-mobility"},"content":{"rendered":"\t<section class=\"section hide-for-medium\" id=\"section_96192574\">\n\t\t<div class=\"bg section-bg fill bg-fill bg-loaded bg-loaded\" >\n\n\t\t\t\n\t\t\t\n\t\t\t\n\n\t\t<\/div>\n\n\t\t\n\n\t\t<div class=\"section-content relative\">\n\t\t\t\n<div class=\"row row-full-width align-middle\"  id=\"row-507727659\">\n\n\t<div id=\"col-2019202254\" class=\"col medium-6 small-12 large-6\"  >\n\t\t\t\t<div class=\"col-inner\"  >\n\t\t\t\n\t\t\t\n\n  <div class=\"banner has-hover\" id=\"banner-370494383\">\n          <div class=\"banner-inner fill\">\n        <div class=\"banner-bg fill\" >\n            <div class=\"bg fill bg-fill bg-loaded\"><\/div>\n                                    \n                    <\/div>\n\t\t\n        <div class=\"banner-layers container\">\n            <div class=\"fill banner-link\"><\/div>            \n   <div id=\"text-box-1288681527\" class=\"text-box banner-layer x100 md-x100 lg-x100 y50 md-y50 lg-y50 res-text\">\n                     <div data-animate=\"none\">           <div class=\"text-box-content text \">\n              \n              <div class=\"text-inner text-left\">\n                  \n\t<div id=\"text-763443004\" class=\"text\">\n\t\t\n<p><img decoding=\"async\" src=\"https:\/\/altego.hu\/wp-content\/uploads\/2025\/08\/alteGO_2025_logo_RGB.png\" alt=\"\" width=\"400\" class=\"alignnone size-full\"><\/p>\n\t\t\n<style>\n#text-763443004 {\n  font-size: 0.75rem;\n}\n@media (min-width:850px) {\n  #text-763443004 {\n    font-size: 1rem;\n  }\n}\n<\/style>\n\t<\/div>\n\t\n              <\/div>\n           <\/div>\n       <\/div>                     \n<style>\n#text-box-1288681527 {\n  width: 95%;\n}\n#text-box-1288681527 .text-box-content {\n  font-size: 100%;\n}\n@media (min-width:550px) {\n  #text-box-1288681527 {\n    width: 90%;\n  }\n}\n<\/style>\n    <\/div>\n \n        <\/div>\n      <\/div>\n\n            \n<style>\n#banner-370494383 {\n  padding-top: 550px;\n  background-color: rgb(238, 238, 238);\n}\n@media (min-width:550px) {\n  #banner-370494383 {\n    padding-top: 500px;\n  }\n}\n@media (min-width:850px) {\n  #banner-370494383 {\n    padding-top: 600px;\n  }\n}\n<\/style>\n  <\/div>\n\n\n\t\t<\/div>\n\t\t\t\t\t<\/div>\n\n\t\n\n\t<div id=\"col-1022417267\" class=\"col medium-6 small-12 large-6\"  >\n\t\t\t\t<div class=\"col-inner\"  >\n\t\t\t\n\t\t\t\n\t<div class=\"img has-hover x md-x lg-x y md-y lg-y\" id=\"image_1795634806\">\n\t\t\t\t\t\t\t\t<div class=\"img-inner dark\" >\n\t\t\t<img loading=\"lazy\" decoding=\"async\" width=\"1400\" height=\"980\" src=\"https:\/\/altego.hu\/wp-content\/uploads\/2021\/04\/alte-go-e-mobilitas.svg\" class=\"attachment-original size-original\" alt=\"ALTE-GO E-mobilit\u00e1s\" \/>\t\t\t\t\t\t\n\t\t\t\t\t<\/div>\n\t\t\t\t\t\t\t\t\n<style>\n#image_1795634806 {\n  width: 100%;\n}\n<\/style>\n\t<\/div>\n\t\n\t\t<\/div>\n\t\t\t\t\t<\/div>\n\n\t\n\n<style>\n#row-507727659 > .col > .col-inner {\n  background-color: rgb(238, 238, 238);\n}\n<\/style>\n<\/div>\n\t\t<\/div>\n\n\t\t\n<style>\n#section_96192574 {\n  padding-top: 0px;\n  padding-bottom: 0px;\n  background-color: rgb(238, 238, 238);\n}\n<\/style>\n\t<\/section>\n\t\n\t<section class=\"section show-for-medium hide-for-small\" id=\"section_888409617\">\n\t\t<div class=\"bg section-bg fill bg-fill bg-loaded bg-loaded\" >\n\n\t\t\t\n\t\t\t\n\t\t\t\n\n\t\t<\/div>\n\n\t\t\n\n\t\t<div class=\"section-content relative\">\n\t\t\t\n<div class=\"row row-full-width align-middle\"  id=\"row-401775818\">\n\n\t<div id=\"col-863809264\" class=\"col medium-6 small-12 large-6\"  >\n\t\t\t\t<div class=\"col-inner\"  >\n\t\t\t\n\t\t\t\n\n  <div class=\"banner has-hover\" id=\"banner-1102104675\">\n          <div class=\"banner-inner fill\">\n        <div class=\"banner-bg fill\" >\n            <div class=\"bg fill bg-fill bg-loaded\"><\/div>\n                                    \n                    <\/div>\n\t\t\n        <div class=\"banner-layers container\">\n            <div class=\"fill banner-link\"><\/div>            \n   <div id=\"text-box-824627370\" class=\"text-box banner-layer x100 md-x100 lg-x100 y50 md-y50 lg-y50 res-text\">\n                     <div data-animate=\"none\">           <div class=\"text-box-content text \">\n              \n              <div class=\"text-inner text-left\">\n                  \n\t<div id=\"text-12144937\" class=\"text\">\n\t\t\n<p><img loading=\"lazy\" decoding=\"async\" src=\"https:\/\/altego.hu\/wp-content\/uploads\/2021\/05\/altego_logo.png\" alt=\"\" width=\"400\" height=\"93\" class=\"alignnone size-full wp-image-466\" srcset=\"https:\/\/altego.hu\/wp-content\/uploads\/2021\/05\/altego_logo.png 400w, https:\/\/altego.hu\/wp-content\/uploads\/2021\/05\/altego_logo-300x70.png 300w\" sizes=\"auto, (max-width: 400px) 100vw, 400px\" \/><\/p>\n<blockquote><p>\u201eA c\u00e9gcsoport j\u00f6v\u0151k\u00e9pe, a fenntarthat\u00f3s\u00e1gra \u00e9s a k\u00f6rnyezettudatoss\u00e1gra \u00f6sszpontos\u00edt\u00f3 aktivit\u00e1sai ide\u00e1lis alapot biztos\u00edtanak az e-mobilit\u00e1si tev\u00e9kenys\u00e9g sikeres m\u0171k\u00f6dtet\u00e9s\u00e9hez. A k\u00f6vetkez\u0151 \u00e9vekben az elektromobilit\u00e1s az energiahat\u00e9konys\u00e1gi beruh\u00e1z\u00e1sok r\u00e9sz\u00e9v\u00e9 v\u00e1lik az otthonokban \u00e9s a v\u00e1llalati szegmensben egyar\u00e1nt. Fontos lesz, hogy ez a fejleszt\u00e9s k\u00f6lts\u00e9ghat\u00e9konyan \u00e9s innovat\u00edvan val\u00f3suljon meg. Ebben az \u00fcgyfelek partner\u00e9v\u00e9 k\u00edv\u00e1nunk v\u00e1lni, ahogy tessz\u00fck ezt m\u00e1r az ALTEO Csoport t\u00f6bbi tev\u00e9kenys\u00e9ge \u00e1ltal.\u201d<\/p><\/blockquote>\n<p><strong>Novotny D\u00e9nes,<\/strong> <em>ALTE-GO Kft. \u00fcgyvezet\u0151je<\/em><\/p>\n\t\t\n<style>\n#text-12144937 {\n  font-size: 0.75rem;\n}\n@media (min-width:850px) {\n  #text-12144937 {\n    font-size: 1rem;\n  }\n}\n<\/style>\n\t<\/div>\n\t\n              <\/div>\n           <\/div>\n       <\/div>                     \n<style>\n#text-box-824627370 {\n  width: 95%;\n}\n#text-box-824627370 .text-box-content {\n  font-size: 100%;\n}\n@media (min-width:550px) {\n  #text-box-824627370 {\n    width: 90%;\n  }\n}\n<\/style>\n    <\/div>\n \n        <\/div>\n      <\/div>\n\n            \n<style>\n#banner-1102104675 {\n  padding-top: 550px;\n  background-color: rgb(238, 238, 238);\n}\n@media (min-width:550px) {\n  #banner-1102104675 {\n    padding-top: 500px;\n  }\n}\n@media (min-width:850px) {\n  #banner-1102104675 {\n    padding-top: 600px;\n  }\n}\n<\/style>\n  <\/div>\n\n\n\t\t<\/div>\n\t\t\t\t\t<\/div>\n\n\t\n\n\t<div id=\"col-1674399075\" class=\"col medium-6 small-12 large-6\"  >\n\t\t\t\t<div class=\"col-inner\"  >\n\t\t\t\n\t\t\t\n\t<div class=\"img has-hover x md-x lg-x y md-y lg-y\" id=\"image_2116875673\">\n\t\t\t\t\t\t\t\t<div class=\"img-inner dark\" >\n\t\t\t<img loading=\"lazy\" decoding=\"async\" width=\"1400\" height=\"980\" src=\"https:\/\/altego.hu\/wp-content\/uploads\/2021\/04\/alte-go-e-mobilitas.svg\" class=\"attachment-original size-original\" alt=\"ALTE-GO E-mobilit\u00e1s\" \/>\t\t\t\t\t\t\n\t\t\t\t\t<\/div>\n\t\t\t\t\t\t\t\t\n<style>\n#image_2116875673 {\n  width: 100%;\n}\n<\/style>\n\t<\/div>\n\t\n\t\t<\/div>\n\t\t\t\t\t<\/div>\n\n\t\n\n<style>\n#row-401775818 > .col > .col-inner {\n  background-color: rgb(238, 238, 238);\n}\n<\/style>\n<\/div>\n\t\t<\/div>\n\n\t\t\n<style>\n#section_888409617 {\n  padding-top: 0px;\n  padding-bottom: 0px;\n  background-color: rgb(238, 238, 238);\n}\n<\/style>\n\t<\/section>\n\t\n\t<section class=\"section show-for-small\" id=\"section_2102964947\">\n\t\t<div class=\"bg section-bg fill bg-fill bg-loaded bg-loaded\" >\n\n\t\t\t\n\t\t\t\n\t\t\t\n\n\t\t<\/div>\n\n\t\t\n\n\t\t<div class=\"section-content relative\">\n\t\t\t\n<div class=\"row row-full-width align-middle\"  id=\"row-159628963\">\n\n\t<div id=\"col-1658545794\" class=\"col medium-6 small-12 large-6\"  >\n\t\t\t\t<div class=\"col-inner\"  >\n\t\t\t\n\t\t\t\n\t<div id=\"gap-1518141860\" class=\"gap-element clearfix\" style=\"display:block; height:auto;\">\n\t\t\n<style>\n#gap-1518141860 {\n  padding-top: 30px;\n}\n<\/style>\n\t<\/div>\n\t\n\t<div id=\"text-2744430490\" class=\"text\">\n\t\t\n<p><img loading=\"lazy\" decoding=\"async\" src=\"https:\/\/altego.hu\/wp-content\/uploads\/2021\/05\/altego_logo.png\" alt=\"\" width=\"400\" height=\"93\" class=\"alignnone size-full wp-image-466\" srcset=\"https:\/\/altego.hu\/wp-content\/uploads\/2021\/05\/altego_logo.png 400w, https:\/\/altego.hu\/wp-content\/uploads\/2021\/05\/altego_logo-300x70.png 300w\" sizes=\"auto, (max-width: 400px) 100vw, 400px\" \/><br \/>\n\t\t\n<style>\n#text-2744430490 {\n  font-size: 0.75rem;\n}\n@media (min-width:850px) {\n  #text-2744430490 {\n    font-size: 1rem;\n  }\n}\n<\/style>\n\t<\/div>\n\t\n\n  \n    <div id=\"row-1796941727\" class=\"slider slider-auto-height row-collapse slider-nav-simple\" data-flickity-options='{\"imagesLoaded\": true, \"dragThreshold\" : 5, \"cellAlign\": \"left\",\"wrapAround\": true,\"prevNextButtons\": true,\"percentPosition\": true,\"pageDots\": false, \"rightToLeft\": false, \"autoPlay\" : 3000}'>\n\n  <\/div>\n\t<div id=\"text-200830088\" class=\"text\">\n\t\t\n<blockquote><p>\u201eA c\u00e9gcsoport j\u00f6v\u0151k\u00e9pe, a fenntarthat\u00f3s\u00e1gra \u00e9s a k\u00f6rnyezettudatoss\u00e1gra \u00f6sszpontos\u00edt\u00f3 aktivit\u00e1sai ide\u00e1lis alapot biztos\u00edtanak az e-mobilit\u00e1si tev\u00e9kenys\u00e9g sikeres m\u0171k\u00f6dtet\u00e9s\u00e9hez. A k\u00f6vetkez\u0151 \u00e9vekben az elektromobilit\u00e1s az energiahat\u00e9konys\u00e1gi beruh\u00e1z\u00e1sok r\u00e9sz\u00e9v\u00e9 v\u00e1lik az otthonokban \u00e9s a v\u00e1llalati szegmensben egyar\u00e1nt. Fontos lesz, hogy ez a fejleszt\u00e9s k\u00f6lts\u00e9ghat\u00e9konyan \u00e9s innovat\u00edvan val\u00f3suljon meg. Ebben az \u00fcgyfelek partner\u00e9v\u00e9 k\u00edv\u00e1nunk v\u00e1lni, ahogy tessz\u00fck ezt m\u00e1r az ALTEO Csoport t\u00f6bbi tev\u00e9kenys\u00e9ge \u00e1ltal.\u201d<\/p><\/blockquote>\n<p><strong>Novotny D\u00e9nes,<\/strong> <em>ALTE-GO Kft. \u00fcgyvezet\u0151je<\/em><\/p>\n\t\t\n<style>\n#text-200830088 {\n  font-size: 1.25rem;\n}\n@media (min-width:550px) {\n  #text-200830088 {\n    font-size: 0.75rem;\n  }\n}\n@media (min-width:850px) {\n  #text-200830088 {\n    font-size: 1rem;\n  }\n}\n<\/style>\n\t<\/div>\n\t\n\t\t<\/div>\n\t\t\t\t\t<\/div>\n\n\t\n\n<style>\n#row-159628963 > .col > .col-inner {\n  background-color: rgb(238, 238, 238);\n}\n<\/style>\n<\/div>\n\t\t<\/div>\n\n\t\t\n<style>\n#section_2102964947 {\n  padding-top: 0px;\n  padding-bottom: 0px;\n  background-color: rgb(238, 238, 238);\n}\n<\/style>\n\t<\/section>\n\t\n\t<section class=\"section\" id=\"section_1125710007\">\n\t\t<div class=\"bg section-bg fill bg-fill bg-loaded bg-loaded\" >\n\n\t\t\t\n\t\t\t\n\t\t\t\n\n\t\t<\/div>\n\n\t\t\n\n\t\t<div class=\"section-content relative\">\n\t\t\t\n<div class=\"row align-equal\"  id=\"row-1962541556\">\n\n\t<div id=\"col-1460452054\" class=\"col small-12 large-12\"  >\n\t\t\t\t<div class=\"col-inner\"  >\n\t\t\t\n\t\t\t\n\t<div id=\"text-1349717856\" class=\"text\">\n\t\t\n<h2>PRODUCTS<\/h2>\n\t\t\n<style>\n#text-1349717856 {\n  font-size: 2rem;\n  text-align: center;\n}\n@media (min-width:550px) {\n  #text-1349717856 {\n    font-size: 1.5rem;\n  }\n}\n<\/style>\n\t<\/div>\n\t\n\t\t<\/div>\n\t\t\t\t\t<\/div>\n\n\t\n<\/div>\n<div class=\"row row-small align-equal home-products\"  id=\"row-1003109044\">\n\n\t<div id=\"col-1821500632\" class=\"col medium-3 small-12 large-3\"  >\n\t\t\t\t<div class=\"col-inner text-center dark\"  >\n\t\t\t\n\t\t\t\n<a href=\"https:\/\/altego.hu\/en\/products\/#home\" class=\"button secondary expand\"  style=\"border-radius:25px;\">\n    <span>HOME<\/span>\n  <\/a>\n\n\t\t<\/div>\n\t\t\t\t\t<\/div>\n\n\t\n\n\t<div id=\"col-1445776639\" class=\"col medium-3 small-12 large-3\"  >\n\t\t\t\t<div class=\"col-inner text-center dark\"  >\n\t\t\t\n\t\t\t\n<a href=\"https:\/\/altego.hu\/en\/products\/#condominium\" class=\"button primary expand\"  style=\"border-radius:25px;\">\n    <span>CONDOMINIUM<\/span>\n  <\/a>\n\n\t\t<\/div>\n\t\t\t\t\t<\/div>\n\n\t\n\n\t<div id=\"col-540357876\" class=\"col medium-3 small-12 large-3\"  >\n\t\t\t\t<div class=\"col-inner text-center dark\"  >\n\t\t\t\n\t\t\t\n<a href=\"https:\/\/altego.hu\/en\/products\/#workplace\" class=\"button alert expand\"  style=\"border-radius:25px;\">\n    <span>WORKPLACE<\/span>\n  <\/a>\n\n\t\t<\/div>\n\t\t\t\t\t<\/div>\n\n\t\n\n\t<div id=\"col-397513036\" class=\"col medium-3 small-12 large-3\"  >\n\t\t\t\t<div class=\"col-inner text-center dark\"  >\n\t\t\t\n\t\t\t\n<a href=\"https:\/\/altego.hu\/en\/products\/#public_spaces\" class=\"button primary expand\"  style=\"border-radius:25px;\">\n    <span>PUBLIC SPACES<\/span>\n  <\/a>\n\n\t\t<\/div>\n\t\t\t\t\t<\/div>\n\n\t\n\n<style>\n#row-1003109044 > .col > .col-inner {\n  border-radius: 25px;\n}\n<\/style>\n<\/div>\n\t\t<\/div>\n\n\t\t\n<style>\n#section_1125710007 {\n  padding-top: 60px;\n  padding-bottom: 60px;\n}\n<\/style>\n\t<\/section>\n\t\n\t<section class=\"section dark hide-for-small has-parallax\" id=\"section_889989564\">\n\t\t<div class=\"bg section-bg fill bg-fill bg-loaded \" data-parallax-container=\".section\" data-parallax-background data-parallax=\"-5\">\n\n\t\t\t\n\t\t\t\n\t\t\t\n\n\t\t<\/div>\n\n\t\t\n\n\t\t<div class=\"section-content relative\">\n\t\t\t\n<div class=\"row row-collapse\"  id=\"row-2124258092\">\n\n\t<div id=\"col-515487353\" class=\"col small-12 large-12\"  >\n\t\t\t\t<div class=\"col-inner dark\" style=\"background-color:rgba(107, 164, 58, 0.95);\" >\n\t\t\t\n\t\t\t\n\t<div id=\"text-3950382236\" class=\"text\">\n\t\t\n<p>One quarter of the energy in all of Hungary is used by traffic and transportation, while the air in our towns and cities is most impacted by the harmful emissions of vehicles. With the establishment of the new e-mobility division &#8211; in perfect alignment with ALTEO\u2019s strategy &#8211; we are offering a solution to clients that is even more comprehensive and which increases sustainability to an even greater degree.<\/p>\n<p>As a licensed electric charging equipment operator and electromobility provider, we ensure the sale, installation and comprehensive operation of charging stations throughout the country by way of ALTE-GO Kft. We offer solutions in the market of home, company and public charging stations alike.<\/p>\n<p>We offer to install and operate charging stations primarily in office buildings, parking garages, company sites as well as residential homes and condominiums, but also provide the option of installing public charging stations in the context of strategic partnerships.<\/p>\n<p>Familiarize yourself with our products and services, and feel free to get in touch with us if we have piqued your interest.<\/p>\n\t\t\n<style>\n#text-3950382236 {\n  font-size: 1.25rem;\n}\n@media (min-width:550px) {\n  #text-3950382236 {\n    font-size: 1.25rem;\n  }\n}\n<\/style>\n\t<\/div>\n\t\n\t\t<\/div>\n\t\t\t\t\n<style>\n#col-515487353 > .col-inner {\n  padding: 30px 30px 30px 30px;\n  border-radius: 25px;\n}\n<\/style>\n\t<\/div>\n\n\t\n<\/div>\n\t\t<\/div>\n\n\t\t\n<style>\n#section_889989564 {\n  padding-top: 90px;\n  padding-bottom: 90px;\n}\n#section_889989564 .section-bg.bg-loaded {\n  background-image: url(https:\/\/altego.hu\/wp-content\/uploads\/2021\/04\/altego_about-bg-green-1.jpg);\n}\n#section_889989564 .section-bg {\n  background-position: 50% 0%;\n}\n<\/style>\n\t<\/section>\n\t\n\t<section class=\"section dark show-for-small\" id=\"section_409050495\">\n\t\t<div class=\"bg section-bg fill bg-fill bg-loaded bg-loaded\" >\n\n\t\t\t\n\t\t\t\n\t\t\t\n\n\t\t<\/div>\n\n\t\t\n\n\t\t<div class=\"section-content relative\">\n\t\t\t\n<div class=\"row row-collapse\"  id=\"row-1007715193\">\n\n\t<div id=\"col-1236627868\" class=\"col small-12 large-12\"  >\n\t\t\t\t<div class=\"col-inner dark\" style=\"background-color:rgba(0, 175, 203, 0.948);\" >\n\t\t\t\n\t\t\t\n\t<div id=\"text-2805769423\" class=\"text\">\n\t\t\n<p>Magyarorsz\u00e1g teljes energiafelhaszn\u00e1l\u00e1s\u00e1nak negyed\u00e9t a k\u00f6zleked\u00e9s teszi ki, mik\u00f6zben v\u00e1rosaink leveg\u0151j\u00e9re a g\u00e9pj\u00e1rm\u0171vek k\u00e1rosanyagkibocs\u00e1t\u00e1sa van a legnagyobb hat\u00e1ssal. Az ALTEO strat\u00e9gi\u00e1j\u00e1hoz t\u00f6k\u00e9letesen illeszked\u0151 e-mobilit\u00e1ssal foglalkoz\u00f3 \u00faj \u00fczlet\u00e1gunk ind\u00edt\u00e1s\u00e1val m\u00e9g \u00e1tfog\u00f3bb, a fenntarthat\u00f3s\u00e1got tov\u00e1bb n\u00f6vel\u0151 megold\u00e1st k\u00edn\u00e1lunk \u00fcgyfeleinknek.<\/p>\n<p>Enged\u00e9lyes elektromos t\u00f6lt\u0151berendez\u00e9s \u00fczemeltet\u0151k\u00e9nt \u00e9s elektromobilit\u00e1s szolg\u00e1ltat\u00f3k\u00e9nt t\u00f6lt\u0151k \u00e9rt\u00e9kes\u00edt\u00e9s\u00e9t, telep\u00edt\u00e9s\u00e9t \u00e9s teljesk\u00f6r\u0171 \u00fczemeltet\u00e9s\u00e9t biztos\u00edtjuk az eg\u00e9sz orsz\u00e1gban az ALTE-GO Kft. \u00e1ltal. Az otthoni, a v\u00e1llalati \u00e9s a publikus t\u00f6lt\u0151k piac\u00e1n egyar\u00e1nt megold\u00e1sokat k\u00edn\u00e1lunk.<\/p>\n<p>Els\u0151sorban irodah\u00e1zakban, parkol\u00f3h\u00e1zakban, v\u00e1llalatok telephelyein, tov\u00e1bb\u00e1 csal\u00e1di \u00e9s t\u00e1rsash\u00e1zaknak k\u00edn\u00e1ljuk t\u00f6lt\u0151berendez\u00e9sek telep\u00edt\u00e9s\u00e9t \u00e9s \u00fczemeltet\u00e9s\u00e9t, strat\u00e9giai partners\u00e9gek keret\u00e9ben pedig nyilv\u00e1nos t\u00f6lt\u0151\u00e1llom\u00e1sok ki\u00e9p\u00edt\u00e9se is megval\u00f3s\u00edthat\u00f3.<\/p>\n<p>Ismerje meg k\u00edn\u00e1latunkat, szolg\u00e1ltat\u00e1sainkat, \u00e9s ha felkeltett\u00fck \u00e9rdekl\u0151d\u00e9s\u00e9t, vegye fel vel\u00fcnk a kapcsolatot!<\/p>\n\t\t\n<style>\n#text-2805769423 {\n  font-size: 1.25rem;\n}\n@media (min-width:550px) {\n  #text-2805769423 {\n    font-size: 1.25rem;\n  }\n}\n<\/style>\n\t<\/div>\n\t\n\t\t<\/div>\n\t\t\t\t\n<style>\n#col-1236627868 > .col-inner {\n  padding: 30px 10px 30px 10px;\n}\n@media (min-width:550px) {\n  #col-1236627868 > .col-inner {\n    padding: 30px 30px 30px 30px;\n  }\n}\n<\/style>\n\t<\/div>\n\n\t\n<\/div>\n\t\t<\/div>\n\n\t\t\n<style>\n#section_409050495 {\n  padding-top: 0px;\n  padding-bottom: 0px;\n  background-color: #00afcb;\n}\n@media (min-width:550px) {\n  #section_409050495 {\n    padding-top: 90px;\n    padding-bottom: 90px;\n  }\n}\n<\/style>\n\t<\/section>\n\t\n","protected":false},"excerpt":{"rendered":"","protected":false},"author":1,"featured_media":0,"parent":0,"menu_order":0,"comment_status":"closed","ping_status":"closed","template":"page-blank.php","meta":{"inline_featured_image":false,"footnotes":""},"class_list":["post-769","page","type-page","status-publish","hentry"],"yoast_head":"<!-- This site is optimized with the Yoast SEO plugin v25.9 - https:\/\/yoast.com\/wordpress\/plugins\/seo\/ -->\n<title>ALTE-GO E-mobility - ALTE-GO E-mobilit\u00e1s<\/title>\n<meta name=\"robots\" content=\"index, follow, max-snippet:-1, max-image-preview:large, max-video-preview:-1\" \/>\n<link rel=\"canonical\" href=\"https:\/\/app-app041altego-prod-neu-001.azurewebsites.net\/en\/\" \/>\n<meta property=\"og:locale\" content=\"en_US\" \/>\n<meta property=\"og:type\" content=\"article\" \/>\n<meta property=\"og:title\" content=\"ALTE-GO E-mobility - ALTE-GO E-mobilit\u00e1s\" \/>\n<meta property=\"og:url\" content=\"https:\/\/app-app041altego-prod-neu-001.azurewebsites.net\/en\/\" \/>\n<meta property=\"og:site_name\" content=\"ALTE-GO E-mobilit\u00e1s\" \/>\n<meta property=\"article:modified_time\" content=\"2025-08-24T08:12:01+00:00\" \/>\n<meta property=\"og:image\" content=\"https:\/\/altego.hu\/wp-content\/uploads\/2025\/08\/alteGO_2025_logo_RGB.png\" \/>\n<meta name=\"twitter:card\" content=\"summary_large_image\" \/>\n<meta name=\"twitter:label1\" content=\"Est. reading time\" \/>\n\t<meta name=\"twitter:data1\" content=\"6 minutes\" \/>\n<script type=\"application\/ld+json\" class=\"yoast-schema-graph\">{\"@context\":\"https:\/\/schema.org\",\"@graph\":[{\"@type\":\"WebPage\",\"@id\":\"https:\/\/app-app041altego-prod-neu-001.azurewebsites.net\/en\/\",\"url\":\"https:\/\/app-app041altego-prod-neu-001.azurewebsites.net\/en\/\",\"name\":\"ALTE-GO E-mobility - ALTE-GO E-mobilit\u00e1s\",\"isPartOf\":{\"@id\":\"http:\/\/app-app041altego-prod-neu-001.azurewebsites.net\/#website\"},\"primaryImageOfPage\":{\"@id\":\"https:\/\/app-app041altego-prod-neu-001.azurewebsites.net\/en\/#primaryimage\"},\"image\":{\"@id\":\"https:\/\/app-app041altego-prod-neu-001.azurewebsites.net\/en\/#primaryimage\"},\"thumbnailUrl\":\"https:\/\/altego.hu\/wp-content\/uploads\/2025\/08\/alteGO_2025_logo_RGB.png\",\"datePublished\":\"2021-11-21T09:33:22+00:00\",\"dateModified\":\"2025-08-24T08:12:01+00:00\",\"breadcrumb\":{\"@id\":\"https:\/\/app-app041altego-prod-neu-001.azurewebsites.net\/en\/#breadcrumb\"},\"inLanguage\":\"en-US\",\"potentialAction\":[{\"@type\":\"ReadAction\",\"target\":[\"https:\/\/app-app041altego-prod-neu-001.azurewebsites.net\/en\/\"]}]},{\"@type\":\"ImageObject\",\"inLanguage\":\"en-US\",\"@id\":\"https:\/\/app-app041altego-prod-neu-001.azurewebsites.net\/en\/#primaryimage\",\"url\":\"https:\/\/altego.hu\/wp-content\/uploads\/2025\/08\/alteGO_2025_logo_RGB.png\",\"contentUrl\":\"https:\/\/altego.hu\/wp-content\/uploads\/2025\/08\/alteGO_2025_logo_RGB.png\"},{\"@type\":\"BreadcrumbList\",\"@id\":\"https:\/\/app-app041altego-prod-neu-001.azurewebsites.net\/en\/#breadcrumb\",\"itemListElement\":[{\"@type\":\"ListItem\",\"position\":1,\"name\":\"Kezd\u0151lap\",\"item\":\"https:\/\/app-app041altego-prod-neu-001.azurewebsites.net\/en\/\"},{\"@type\":\"ListItem\",\"position\":2,\"name\":\"ALTE-GO E-mobility\"}]},{\"@type\":\"WebSite\",\"@id\":\"http:\/\/app-app041altego-prod-neu-001.azurewebsites.net\/#website\",\"url\":\"http:\/\/app-app041altego-prod-neu-001.azurewebsites.net\/\",\"name\":\"ALTE-GO E-mobilit\u00e1s\",\"description\":\"Az ALTE-GO Kft. e-mobilit\u00e1si szolg\u00e1ltat\u00f3, amely elektromos t\u00f6lt\u0151berendez\u00e9seket \u00e9rt\u00e9kes\u00edt, telep\u00edt \u00e9s \u00fczemeltet orsz\u00e1gszerte, lakoss\u00e1gi \u00e9s v\u00e1llalati \u00fcgyfeleknek.\",\"potentialAction\":[{\"@type\":\"SearchAction\",\"target\":{\"@type\":\"EntryPoint\",\"urlTemplate\":\"http:\/\/app-app041altego-prod-neu-001.azurewebsites.net\/?s={search_term_string}\"},\"query-input\":{\"@type\":\"PropertyValueSpecification\",\"valueRequired\":true,\"valueName\":\"search_term_string\"}}],\"inLanguage\":\"en-US\"}]}<\/script>\n<!-- \/ Yoast SEO plugin. -->","yoast_head_json":{"title":"ALTE-GO E-mobility - ALTE-GO E-mobilit\u00e1s","robots":{"index":"index","follow":"follow","max-snippet":"max-snippet:-1","max-image-preview":"max-image-preview:large","max-video-preview":"max-video-preview:-1"},"canonical":"https:\/\/app-app041altego-prod-neu-001.azurewebsites.net\/en\/","og_locale":"en_US","og_type":"article","og_title":"ALTE-GO E-mobility - ALTE-GO E-mobilit\u00e1s","og_url":"https:\/\/app-app041altego-prod-neu-001.azurewebsites.net\/en\/","og_site_name":"ALTE-GO E-mobilit\u00e1s","article_modified_time":"2025-08-24T08:12:01+00:00","og_image":[{"url":"https:\/\/altego.hu\/wp-content\/uploads\/2025\/08\/alteGO_2025_logo_RGB.png","type":"","width":"","height":""}],"twitter_card":"summary_large_image","twitter_misc":{"Est. reading time":"6 minutes"},"schema":{"@context":"https:\/\/schema.org","@graph":[{"@type":"WebPage","@id":"https:\/\/app-app041altego-prod-neu-001.azurewebsites.net\/en\/","url":"https:\/\/app-app041altego-prod-neu-001.azurewebsites.net\/en\/","name":"ALTE-GO E-mobility - ALTE-GO E-mobilit\u00e1s","isPartOf":{"@id":"http:\/\/app-app041altego-prod-neu-001.azurewebsites.net\/#website"},"primaryImageOfPage":{"@id":"https:\/\/app-app041altego-prod-neu-001.azurewebsites.net\/en\/#primaryimage"},"image":{"@id":"https:\/\/app-app041altego-prod-neu-001.azurewebsites.net\/en\/#primaryimage"},"thumbnailUrl":"https:\/\/altego.hu\/wp-content\/uploads\/2025\/08\/alteGO_2025_logo_RGB.png","datePublished":"2021-11-21T09:33:22+00:00","dateModified":"2025-08-24T08:12:01+00:00","breadcrumb":{"@id":"https:\/\/app-app041altego-prod-neu-001.azurewebsites.net\/en\/#breadcrumb"},"inLanguage":"en-US","potentialAction":[{"@type":"ReadAction","target":["https:\/\/app-app041altego-prod-neu-001.azurewebsites.net\/en\/"]}]},{"@type":"ImageObject","inLanguage":"en-US","@id":"https:\/\/app-app041altego-prod-neu-001.azurewebsites.net\/en\/#primaryimage","url":"https:\/\/altego.hu\/wp-content\/uploads\/2025\/08\/alteGO_2025_logo_RGB.png","contentUrl":"https:\/\/altego.hu\/wp-content\/uploads\/2025\/08\/alteGO_2025_logo_RGB.png"},{"@type":"BreadcrumbList","@id":"https:\/\/app-app041altego-prod-neu-001.azurewebsites.net\/en\/#breadcrumb","itemListElement":[{"@type":"ListItem","position":1,"name":"Kezd\u0151lap","item":"https:\/\/app-app041altego-prod-neu-001.azurewebsites.net\/en\/"},{"@type":"ListItem","position":2,"name":"ALTE-GO E-mobility"}]},{"@type":"WebSite","@id":"http:\/\/app-app041altego-prod-neu-001.azurewebsites.net\/#website","url":"http:\/\/app-app041altego-prod-neu-001.azurewebsites.net\/","name":"ALTE-GO E-mobilit\u00e1s","description":"Az ALTE-GO Kft. e-mobilit\u00e1si szolg\u00e1ltat\u00f3, amely elektromos t\u00f6lt\u0151berendez\u00e9seket \u00e9rt\u00e9kes\u00edt, telep\u00edt \u00e9s \u00fczemeltet orsz\u00e1gszerte, lakoss\u00e1gi \u00e9s v\u00e1llalati \u00fcgyfeleknek.","potentialAction":[{"@type":"SearchAction","target":{"@type":"EntryPoint","urlTemplate":"http:\/\/app-app041altego-prod-neu-001.azurewebsites.net\/?s={search_term_string}"},"query-input":{"@type":"PropertyValueSpecification","valueRequired":true,"valueName":"search_term_string"}}],"inLanguage":"en-US"}]}},"_links":{"self":[{"href":"https:\/\/altego.hu\/en\/wp-json\/wp\/v2\/pages\/769","targetHints":{"allow":["GET"]}}],"collection":[{"href":"https:\/\/altego.hu\/en\/wp-json\/wp\/v2\/pages"}],"about":[{"href":"https:\/\/altego.hu\/en\/wp-json\/wp\/v2\/types\/page"}],"author":[{"embeddable":true,"href":"https:\/\/altego.hu\/en\/wp-json\/wp\/v2\/users\/1"}],"replies":[{"embeddable":true,"href":"https:\/\/altego.hu\/en\/wp-json\/wp\/v2\/comments?post=769"}],"version-history":[{"count":4,"href":"https:\/\/altego.hu\/en\/wp-json\/wp\/v2\/pages\/769\/revisions"}],"predecessor-version":[{"id":1689,"href":"https:\/\/altego.hu\/en\/wp-json\/wp\/v2\/pages\/769\/revisions\/1689"}],"wp:attachment":[{"href":"https:\/\/altego.hu\/en\/wp-json\/wp\/v2\/media?parent=769"}],"curies":[{"name":"wp","href":"https:\/\/api.w.org\/{rel}","templated":true}]}}